{"id":3,"date":"2022-02-15T09:50:11","date_gmt":"2022-02-15T08:50:11","guid":{"rendered":"https:\/\/www.foreignlaw.ecml.pl\/?page_id=3"},"modified":"2022-11-07T11:11:17","modified_gmt":"2022-11-07T10:11:17","slug":"polityka-prywatnosci","status":"publish","type":"page","link":"https:\/\/partners.ecml.pl\/pl\/polityka-prywatnosci\/","title":{"rendered":"POLITYKA PRYWATNO\u015aCI"},"content":{"rendered":"\n<p><strong class=\"privacy-policy-tutorial\">WWW.CARRERPARTNERS.EU<\/strong><\/p>\n\n\n\n<p>Work&amp;Study Sp. z o.o. z siedzib\u0105 w Warszawie prowadz\u0105c dzia\u0142alno\u015b\u0107 gospodarcz\u0105 pod nazw\u0105 Careerpartners.eu (zwan\u0105 dalej \u201eCareerPartners.eu\u201d lub \u201eAdministratorem\u201d), w celu zapewnienia przestrzegania krajowych i mi\u0119dzynarodowych standard\u00f3w [w tym przede wszystkim Rozporz\u0105dzenia Parlamentu Europejskiego i Rady (UE) 2016\/679 z\u00a0dnia 27 kwietnia 2016 r. w sprawie ochrony os\u00f3b fizycznych w zwi\u0105zku z przetwarzaniem danych osobowych i w sprawie swobodnego przep\u0142ywu takich danych oraz uchylenia dyrektywy 95\/46\/WE (OJ L 119, 4.5.2016, p. 1\u201388, zwane dalej \u201eRODO\u201d)] dotycz\u0105cych ochrony danych osobowych w prowadzonej przez siebie dzia\u0142alno\u015bci, wprowadzi\u0142a Polityk\u0119 Prywatno\u015bci (zwan\u0105 dalej \u201ePolityk\u0105\u201d). Polityka stanowi map\u0119 wymog\u00f3w i regulacji ochrony prywatno\u015bci w ramach prowadzonej przez Administratora Danych Osobowych dzia\u0142alno\u015bci.<\/p>\n\n\n\n<h2 class=\"wp-block-heading\">Kto jest administratorem Pa\u0144stwa danych osobowych ?<\/h2>\n\n\n\n<p>Administratorem Pa\u0144stwa danych osobowych przekazanych za po\u015brednictwem Careepartners.eu jest Work&amp;Study Sp. z o.o. z siedzib\u0105 w Warszawie KRS: 0000950328, NIP: 9512534347, REGON: 52113699200000. Mo\u017cecie si\u0119 Pa\u0144stwo z nami skontaktowa\u0107:<\/p>\n\n\n\n<ol class=\"wp-block-list\">\n<li>Wysy\u0142aj\u0105c wiadomo\u015b\u0107 e-mail na adres:&nbsp;kontakt@careerpartners.com<\/li>\n\n\n\n<li>Wysy\u0142aj\u0105c list na adres siedziby sp\u00f3\u0142ki wskazanej w KRS.<\/li>\n<\/ol>\n\n\n\n<h2 class=\"wp-block-heading\">Wsp\u00f3\u0142administrator danych.<\/h2>\n\n\n\n<p>CareerPartners.eu mo\u017ce by\u0107 wsp\u00f3\u0142administratorem danych osobowych zbieranych przez serwisy spo\u0142eczno\u015bciowe, o kt\u00f3rych mowa ni\u017cej w podtytule \u201ePliki typu \u201eCookie\u201d.<\/p>\n\n\n\n<p> <strong>Rekomendowanym sposobem nawi\u0105zania kontaktu w zakresie przetwarzania Pa\u0144stwa danych osobowych jest kontakt mailowy. <\/strong><\/p>\n\n\n\n<p>Nale\u017cy w\u00f3wczas poda\u0107 swoje imi\u0119 i nazwisko oraz numer telefonu, a w przypadku os\u00f3b reprezentuj\u0105cych wskaza\u0107 podmiot, w imieniu kt\u00f3rego Pa\u0144stwo wyst\u0119powali lub wyst\u0119puj\u0105, w celu prawid\u0142owego zidentyfikowania osoby, kt\u00f3rej dane dotycz\u0105. W razie w\u0105tpliwo\u015bci co do Pa\u0144stwa to\u017csamo\u015bci mo\u017cemy poprosi\u0107 o podanie dodatkowych informacji.<\/p>\n\n\n\n<h2 class=\"wp-block-heading\">\u0179r\u00f3d\u0142o danych<\/h2>\n\n\n\n<p>Przetwarzamy dane osobowe, kt\u00f3re zosta\u0142y nam przez Pa\u0144stwa przekazane za po\u015brednictwem formularza kontaktowego na stronie CareerPartners.eu, jako os\u00f3b indywidualnych lub prawnych reprezentant\u00f3w innego podmiotu.<\/p>\n\n\n\n<h2 class=\"wp-block-heading\">Zakres przetwarzanych danych<\/h2>\n\n\n\n<p>W ramach danych osobowych, kt\u00f3re zosta\u0142y nam przekazane poprzez Formularz Kontaktowy mo\u017cemy przetwarza\u0107: imi\u0119, nazwisko, e-mail, numer telefon, j\u0119zyk do kontaktu, a tak\u017ce nazw\u0119 firmy lub podmiotu, kt\u00f3ry Pa\u0144stwo reprezentuj\u0105. Podstawy i cele przetwarzania danych osobowych <\/p>\n\n\n\n<p>Pa\u0144stwa dane osobowe b\u0119d\u0105 przetwarzane:<br>&#8211;  na podstawie wyra\u017conej przez Pa\u0144stwa zgody (podstawa art. 6 ust. 1 lit. a RODO),<br>&#8211; do podj\u0119cia na Pa\u0144stwa \u017cyczenie dzia\u0142a\u0144 zwi\u0105zanych z mo\u017cliwo\u015bci\u0105 zawarcia z Pa\u0144stwem w przysz\u0142o\u015bci umowy (art. 6 ust. 1 lit. b RODO),<br>&#8211;  w celu realizacji naszych prawnie uzasadnionych interes\u00f3w w celu kontaktu z Pa\u0144stwem (podstawa art. 6 ust. 1 lit. f RODO), a tak\u017ce<br>&#8211; w celu realizacji naszych wewn\u0119trznych cel\u00f3w administracyjnych, w tym statystyki wewn\u0119trznej, b\u0119d\u0105cych realizacj\u0105 naszego prawnie uzasadnionego interesu (podstawa art. 6 ust. 1 lit. f RODO);<br>&#8211;  w celu archiwalnym (dowodowym) b\u0119d\u0105cym realizacj\u0105 naszego prawnie uzasadnionego interesu zabezpieczenia informacji na wypadek prawnej potrzeby wykazania fakt\u00f3w (podstawa art. 6 ust. 1 lit. f RODO);<br>&#8211;  w celu ewentualnego ustalenia, dochodzenia lub obrony przed roszczeniami b\u0119d\u0105cego realizacj\u0105 naszego prawnie uzasadnionego interesu (podstawa z art. 6 ust. 1 lit. f RODO).<\/p>\n\n\n\n<h2 class=\"wp-block-heading\">Zgoda<\/h2>\n\n\n\n<p>Wyra\u017cona przez Pa\u0144stwa zgoda mo\u017ce zosta\u0107 cofni\u0119ta w ka\u017cdym czasie bez wp\u0142ywu na zgodno\u015b\u0107 z prawem przetwarzania, kt\u00f3rego dokonano na podstawie zgody przed jej cofni\u0119ciem. W przypadku os\u00f3b, kt\u00f3re nie uko\u0144czy\u0142y 16 roku \u017cycia zgoda powinna zosta\u0107 udzielona lub potwierdzona przez rodzica lub opiekuna.<\/p>\n\n\n\n<h2 class=\"wp-block-heading\">Odbiorcy danych i kategorie odbiorc\u00f3w<\/h2>\n\n\n\n<p>Pa\u0144stwa dane osobowe mog\u0105 zosta\u0107 przekazane podmiotom upowa\u017cnionym na podstawie przepis\u00f3w prawa, a tak\u017ce podmiotom \u015bwiadcz\u0105cym na nasz\u0105 rzecz us\u0142ugi prawne a tak\u017ce dotycz\u0105ce t\u0142umacze\u0144, w zwi\u0105zku ze \u015bwiadczeniem przez te podmioty wsparcia naszej bie\u017c\u0105cej dzia\u0142alno\u015bci. Ka\u017cdorazowo zapewnimy, aby zakres ujawnianych informacji tym podmiotom by\u0142 adekwatny<br>i niezb\u0119dny do realizacji za\u0142o\u017conych cel\u00f3w.<\/p>\n\n\n\n<h2 class=\"wp-block-heading\">Transfer danych<\/h2>\n\n\n\n<p>Pa\u0144stwa dane osobowe nie b\u0119d\u0105 przekazywane poza obszar Rzeczypospolitej Polskiej, z wyj\u0105tkiem plik\u00f3w cookies (o czym poni\u017cej).<\/p>\n\n\n\n<h2 class=\"wp-block-heading\">Okres przechowywania<\/h2>\n\n\n\n<p>Czas przechowywania danych osobowych zale\u017cy od ich przeznaczenia i sposobu u\u017cywania. Ponadto, czas przechowywania niekt\u00f3rych danych osobowych reguluj\u0105 odpowiednie przepisy prawa, w tym przepisy o przedawnieniu roszcze\u0144. Pa\u0144stwa dane osobowe b\u0119d\u0105 przetwarzane co najmniej przez okres niezb\u0119dny do udzielenia odpowiedzi na zapytanie przes\u0142ane w Formularzu Kontaktowym, lecz nie d\u0142u\u017cej ni\u017c do momentu cofni\u0119cia przez Pa\u0144stwa zgody. Dok\u0142adamy wszelkich stara\u0144, aby nie przechowywa\u0107 danych osobowych d\u0142u\u017cej ni\u017c jest to potrzebne do realizacji celu, w kt\u00f3rym zosta\u0142y zgromadzone.<\/p>\n\n\n\n<h2 class=\"wp-block-heading\">Prawa, kt\u00f3re Pa\u0144stwu przys\u0142uguj\u0105<\/h2>\n\n\n\n<p>W zwi\u0105zku z obowi\u0105zuj\u0105cymi przepisami RODO przys\u0142uguj\u0105 Pa\u0144stwu okre\u015blone prawa, wi\u0119kszo\u015b\u0107 z tych praw nie ma jednak charakteru bezwzgl\u0119dnego. W przypadku zg\u0142oszenia przez Pa\u0144stwa wniosku dotycz\u0105cego wykonania okre\u015blonego prawa, CareerPartners.eu udzieli Pa\u0144stwu odpowiedzi w ci\u0105gu jednego miesi\u0105ca a w sprawach skomplikowanych w ci\u0105gu dw\u00f3ch miesi\u0119cy, o czym poinformujemy Pa\u0144stwa najp\u00f3\u017aniej w ci\u0105gu miesi\u0105ca od wp\u0142yni\u0119cia wniosku. Z przys\u0142uguj\u0105cych Pa\u0144stwu praw mo\u017cna skorzysta\u0107 kontaktuj\u0105c si\u0119 mailowo:\u00a0kontakt@careerpartners.com<br>Poni\u017cej znajduje si\u0119 zestawienie i obja\u015bnienie przys\u0142uguj\u0105cych Pa\u0144stwu praw: Prawo do \u017c\u0105dania dost\u0119pu:\u00a0Przys\u0142uguje Pa\u0144stwu prawo do uzyskania od nas potwierdzenia czy Pa\u0144stwa dane osobowe s\u0105 przetwarzane oraz, je\u015bli s\u0105 przetwarzane, do \u017c\u0105dania do nich dost\u0119pu. Prawo do \u017c\u0105dania dost\u0119pu do danych osobowych mo\u017ce by\u0107 ograniczone interesem<br>innych podmiot\u00f3w. Prawo do \u017c\u0105dania sprostowania: Przys\u0142uguje Pa\u0144stwu prawo do otrzymania sprostowania swoich niedok\u0142adnych danych osobowych. W zale\u017cno\u015bci od celu przetwarzania maj\u0105 prawo do uzupe\u0142nienia swoich niekompletnych danych osobowych, w tym poprzez przedstawienie dodatkowego o\u015bwiadczenia. Prawo do \u017c\u0105dania ograniczenia przetwarzania: Przys\u0142uguje Pa\u0144stwu prawo do ograniczenia przetwarzania danych osobowych w nast\u0119puj\u0105cych okoliczno\u015bciach:<\/p>\n\n\n\n<ul class=\"wp-block-list\">\n<li>na czas potrzebny nam do weryfikacji dok\u0142adno\u015bci tych danych w przypadku, gdy zakwestionuj\u0105 Pa\u0144stwo ich dok\u0142adno\u015b\u0107,<\/li>\n\n\n\n<li>gdy Pa\u0144stwa dane s\u0105 przetwarzane w spos\u00f3b niezgodny z prawem, ale nie chc\u0105 Pa\u0144stwo ich skasowa\u0107, lecz tylko ograniczy\u0107 zakres ich u\u017cycia,<\/li>\n\n\n\n<li>gdy nie potrzebujemy ju\u017c Pa\u0144stwa danych osobowych do cel\u00f3w przetwarzania, ale Pa\u0144stwo potrzebuj\u0105 ich w celu ustalenia, wyegzekwowania lub obrony roszcze\u0144 prawnych,<\/li>\n\n\n\n<li>na czas potrzebny nam na weryfikacj\u0119, czy istniej\u0105 wa\u017cne prawnie uzasadnione przyczyny do przetwarzania, kt\u00f3re maj\u0105 charakter nadrz\u0119dny wobec Pa\u0144stwa interes\u00f3w, praw i wolno\u015bci, kiedy Pa\u0144stwo zg\u0142osz\u0105 sprzeciw wobec przetwarzania Pa\u0144stwa danych osobowych i na podstawie naszych prawnie uzasadnionych interes\u00f3w. Je\u017celi na zg\u0142oszone przez Pa\u0144stwa \u017c\u0105danie ograniczymy przetwarzanie Pa\u0144stwa danych osobowych, zachowamy te dane i b\u0119dziemy je przetwarza\u0107 wy\u0142\u0105cznie:<br>&#8211; za Pa\u0144stwa zgod\u0105,<br>&#8211; w celu ustalenia, wyegzekwowania lub obrony roszczenia prawnego,<br>&#8211; w celu ochrony praw innej osoby fizycznej lub prawnej,<br>&#8211; w wa\u017cnym interesie publicznym Unii Europejskiej lub jej pa\u0144stwa cz\u0142onkowskiego.<\/li>\n<\/ul>\n\n\n\n<p>Ponadto, powiadomimy Pa\u0144stwa o zako\u0144czeniu okresu ograniczonego przetwarzania. <\/p>\n\n\n\n<p><strong>Prawo do \u017c\u0105dania przeniesienia:<\/strong> Maj\u0105 Pa\u0144stwo prawo do otrzymania swoich danych osobowych w strukturyzowanym, powszechnie u\u017cywanym formacie nadaj\u0105cym si\u0119 do odczytu maszynowego i przes\u0142ania takich danych innemu podmiotowi bez przeszk\u00f3d z naszej strony, za wyj\u0105tkiem wyst\u0105pienia ogranicze\u0144 technologicznych.<\/p>\n\n\n\n<p><strong>Prawo do usuni\u0119cia<\/strong>\u00a0(\u201eprawo do bycia zapomnianym\u201d): Maj\u0105 Pa\u0144stwo prawo do \u017c\u0105dania usuni\u0119cia danych osobowych, kt\u00f3re Pa\u0144stwa dotycz\u0105. Jeste\u015bmy w\u00f3wczas zobowi\u0105zani do niezw\u0142ocznego usuni\u0119cia Pa\u0144stwa danych osobowych.<br><strong>Prawo do sprzeciwu:<\/strong> Maj\u0105 Pa\u0144stwo prawo do wniesienia sprzeciwu na podstawie szczeg\u00f3lnej sytuacji osobistej lub, je\u015bli Pa\u0144stwa dane osobowe s\u0105 przetwarzane dla cel\u00f3w marketingu bezpo\u015bredniego. <\/p>\n\n\n\n<p><strong>Prawo do skargi:<\/strong> W uzasadnionych przypadkach maj\u0105 Pa\u0144stwo prawo do wniesienia skargi do organu nadzoru \u2013 Prezesa Urz\u0119du Ochrony Danych Osobowych. <\/p>\n\n\n\n<p><strong>Pliki typu \u201eCookie\u201d<\/strong> Nasz serwis, wykorzystuje pliki cookies. Cookies to niewielkie informacje tekstowe, przechowywane na Twoim urz\u0105dzeniu ko\u0144cowym (np. komputerze, tablecie, smartfonie itp.), kt\u00f3re mog\u0105 by\u0107 odczytywane przez nasz system teleinformatyczny (cookies w\u0142asne) lub<br>system teleinformatyczny podmiot\u00f3w trzecich (cookies podmiot\u00f3w trzecich). Niekt\u00f3re u\u017cywane przez nas cookies s\u0105 usuwane po zako\u0144czeniu sesji przegl\u0105darkiinternetowej, tzn. po jej zamkni\u0119ciu (tzw. cookies sesyjne). Inne cookies s\u0105 zachowywane na Twoim urz\u0105dzeniu ko\u0144cowym i umo\u017cliwiaj\u0105 nam rozpoznanie Twojej przegl\u0105darki przy kolejnym wej\u015bciu na stron\u0119 (trwa\u0142e cookies).<br>Mo\u017cemy przesy\u0142a\u0107 jeden lub wi\u0119cej plik\u00f3w typu \u201eCookie\u201d, tj. plik\u00f3w tekstowych zawieraj\u0105cych ci\u0105g znak\u00f3w alfanumerycznych na urz\u0105dzenie, za pomoc\u0105 kt\u00f3rego korzystaj\u0105 Pa\u0144stwo z\u00a0Careerpartners.eu.<br>Podczas pierwszej wizyty na stronie wy\u015bwietlana jest Pa\u0144stwu informacja na temat stosowania plik\u00f3w cookies. Dzi\u0119ki specjalnemu narz\u0119dziu maj\u0105 Pa\u0144stwo mo\u017cliwo\u015b\u0107<br>zarz\u0105dzania plikami cookies z poziomu strony. Ponadto, zawsze mo\u017cna zmieni\u0107 ustawienia cookies z poziomu swojej przegl\u0105darki albo w og\u00f3le usun\u0105\u0107 pliki cookies. Przegl\u0105darki zarz\u0105dzaj\u0105 ustawieniami cookies na r\u00f3\u017cne sposoby. W menu pomocniczym przegl\u0105darki internetowej mo\u017cna znale\u017a\u0107 wyja\u015bnienia dotycz\u0105ce zmiany ustawie\u0144 cookies. Wy\u0142\u0105czenie lub ograniczenie obs\u0142ugi plik\u00f3w cookies mo\u017ce powodowa\u0107 trudno\u015bci w korzystaniu z naszych strony, jak r\u00f3wnie\u017c z wielu innych stron internetowych, kt\u00f3re stosuj\u0105 cookies. <\/p>\n\n\n\n<p><strong>Cookies w\u0142asne:<\/strong> Cookies w\u0142asne wykorzystujemy w celu zapewnienia prawid\u0142owego dzia\u0142ania strony, w szczeg\u00f3lno\u015bci procesu zam\u00f3wienia i logowania do konta u\u017cytkownika. Cookies podmiot\u00f3w trzecich: Nasza strona, podobnie jak wi\u0119kszo\u015b\u0107 wsp\u00f3\u0142czesnych stron internetowych, wykorzystuje funkcje zapewniane przez podmioty trzecie, co wi\u0105\u017ce si\u0119 z wykorzystywaniem plik\u00f3w cookies pochodz\u0105cych od podmiot\u00f3w trzecich. Wykorzystanie tego rodzaju plik\u00f3w cookies zosta\u0142o opisane poni\u017cej. <\/p>\n\n\n\n<p><strong>Google Analytics.<\/strong> Korzystamy z narz\u0119dzia Google Analytics. Dzia\u0142ania w tym zakresie realizujemy, opieraj\u0105c si\u0119 na naszym prawnie uzasadnionym interesie, polegaj\u0105cym na tworzeniu statystyk i ich analizie w celu optymalizacji naszych stron internetowych. Google Analytics w spos\u00f3b automatyczny gromadzi informacje o Pa\u0144stwa korzystaniu z naszej<br>strony. Zgromadzone w ten spos\u00f3b informacje s\u0105 najcz\u0119\u015bciej przekazywane do serwera Google w Stanach Zjednoczonych i tam przechowywane. Mog\u0105 Pa\u0144stwo zapobiec rejestrowaniu zgromadzonych przez pliki cookies danych dotycz\u0105cych korzystania przez<br>Pa\u0144stwa z naszej strony internetowej przez Google, jak r\u00f3wnie\u017c przetwarzaniu tych danych przez Google, instaluj\u0105c wtyczk\u0119 do przegl\u0105darki znajduj\u0105c\u0105 si\u0119 pod nast\u0119puj\u0105cym adresem:<br>https:\/\/tools.google.com\/dlpage\/gaoptout. Je\u017celi jeste\u015bcie Pa\u0144stwo zainteresowani<br>szczeg\u00f3\u0142ami zwi\u0105zanymi z przetwarzaniem danych w ramach Google Analytics, zach\u0119camy do zapoznania si\u0119 z wyja\u015bnieniami przygotowanymi przez Google:<br>https:\/\/support.google.com\/analytics\/answer\/6004245 .<br><strong>Microsoft.<\/strong> Nasza strona korzysta tak\u017ce, z cookies Microsoft Corporation, tak\u017ce w celu optymalizacji naszej strony. Zgromadzone w ten spos\u00f3b informacje s\u0105 najcz\u0119\u015bciej przekazywane do serwera Google w Stanach Zjednoczonych i tam przechowywane. Polityka<br>bezpiecze\u0144stwa Microsoft znajduje si\u0119 pod adresem https:\/\/privacy.microsoft.com\/pl-pl\/privacy .<br><strong>Narz\u0119dzia spo\u0142eczno\u015bciowe.<\/strong> Na naszej stronie u\u017cywane s\u0105 wtyczki i inne narz\u0119dzia spo\u0142eczno\u015bciowe udost\u0119pniane przez serwisy spo\u0142eczno\u015bciowe, takie jak Facebook, Twitter,Instagram, Google, LinkedIn. Wy\u015bwietlaj\u0105c nasz\u0105 stron\u0119 internetow\u0105, zawieraj\u0105c\u0105 tak\u0105<br>wtyczk\u0119, Pa\u0144stwa przegl\u0105darka nawi\u0105\u017ce bezpo\u015brednie po\u0142\u0105czenie z serwerami administrator\u00f3w serwis\u00f3w spo\u0142eczno\u015bciowych (us\u0142ugodawc\u00f3w). Zawarto\u015b\u0107 wtyczki jest przekazywana przez danego us\u0142ugodawc\u0119 bezpo\u015brednio do Pa\u0144stwa przegl\u0105darki i<br>integrowana ze stron\u0105. Dzi\u0119ki tej integracji us\u0142ugodawcy otrzymuj\u0105 informacj\u0119, \u017ce Pa\u0144stwa przegl\u0105darka wy\u015bwietli\u0142a nasz\u0105 stron\u0119, nawet je\u015bli nie posiadaj\u0105 Pa\u0144stwo profilu u danego us\u0142ugodawcy czy nie s\u0105 u niego akurat zalogowani. Taka informacja (wraz z adresem IP) jest przez przegl\u0105dark\u0119 przesy\u0142ana bezpo\u015brednio do serwera danego us\u0142ugodawcy (niekt\u00f3re serwery znajduj\u0105 si\u0119 w USA) i tam przechowywana. Je\u015bli zalogowali si\u0119 Pa\u0144stwo do jednego z serwis\u00f3w spo\u0142eczno\u015bciowych, to us\u0142ugodawca ten b\u0119dzie m\u00f3g\u0142 bezpo\u015brednio<\/p>\n\n\n\n<p>przyporz\u0105dkowa\u0107 wizyt\u0119 na naszej stronie do pa\u0144stwa profilu w danym serwisie spo\u0142eczno\u015bciowym. Je\u015bli u\u017cyjecie danej wtyczki, np. klikaj\u0105c w przycisk \u201eLubi\u0119 to\u201d lub \u201eUdost\u0119pnij\u201d, to odpowiednia informacja zostanie r\u00f3wnie\u017c przes\u0142ana bezpo\u015brednio na serwer danego us\u0142ugodawcy i tam zachowana. Ponadto, informacje te zostan\u0105 opublikowane w danym serwisie spo\u0142eczno\u015bciowym i uka\u017c\u0105 si\u0119 osobom dodanym jako Pa\u0144stwa kontakty. Cel i zakres gromadzenia danych oraz ich dalszego przetwarzania i wykorzystania przez us\u0142ugodawc\u00f3w, jak r\u00f3wnie\u017c mo\u017cliwo\u015b\u0107 kontaktu oraz Pa\u0144stwa prawa w tym zakresie i mo\u017cliwo\u015b\u0107 dokonania ustawie\u0144 zapewniaj\u0105cych ochron\u0119 Pa\u0144stwa prywatno\u015bci zosta\u0142y opisane w polityce prywatno\u015bci poszczeg\u00f3lnych us\u0142ugodawc\u00f3w.<br>\u2022 Facebook \u2013 https:\/\/www.facebook.com\/legal\/FB_Work_Privacy,<br>\u2022 Instagram \u2013 https:\/\/help.instagram.com\/519522125107875?helpref=page_content,<br>\u2022 Twitter \u2013 https:\/\/twitter.com\/en\/privacy,<br>\u2022 Google \u2013 https:\/\/policies.google.com\/privacy?hl=pl,<br>\u2022 LinkedIN \u2013 https:\/\/www.linkedin.com\/legal\/privacy-policy.<br>Je\u015bli nie chcecie Pa\u0144stwo, aby serwisy spo\u0142eczno\u015bciowe przyporz\u0105dkowywa\u0142y dane zebrane w\u00a0trakcie odwiedzin na naszej stronie internetowej bezpo\u015brednio Pa\u0144stwa profilowi w danym serwisie, to przed wizyt\u0105 na naszej stronie musicie si\u0119 wylogowa\u0107 z tego serwisu. Mo\u017cna r\u00f3wnie\u017c ca\u0142kowicie uniemo\u017cliwi\u0107 za\u0142adowanie na stronie wtyczek stosuj\u0105c odpowiednie rozszerzenia dla pa\u0144stwa przegl\u0105darki, np. blokowanie skrypt\u00f3w.<\/p>\n\n\n\n<h2 class=\"wp-block-heading\">Logi serwera<\/h2>\n\n\n\n<p>Korzystanie ze strony wi\u0105\u017ce si\u0119 z przesy\u0142aniem zapyta\u0144 do serwera, na kt\u00f3rym przechowywana jest strona. Ka\u017cde zapytanie skierowane do serwera zapisywane jest w logach serwera. Logi obejmuj\u0105 m.in. Pa\u0144stwa adres IP, dat\u0119 i czas serwera, informacje o<br>przegl\u0105darce internetowej i systemie operacyjnym z jakiego Pa\u0144stwo korzystaj\u0105. Logi zapisywane i przechowywane s\u0105 na serwerze. Dane zapisane w logach serwera nie s\u0105 kojarzone z konkretnymi osobami korzystaj\u0105cymi ze strony i nie s\u0105 wykorzystywane przez<br>nas w celu Pa\u0144stwa identyfikacji. Logi serwera stanowi\u0105 wy\u0142\u0105cznie materia\u0142 pomocniczy s\u0142u\u017c\u0105cy do administrowania stron\u0105, a ich zawarto\u015b\u0107 nie jest ujawniana nikomu poza osobami upowa\u017cnionymi do administrowania serwerem.<\/p>\n\n\n\n<h2 class=\"wp-block-heading\">Newsletter.<\/h2>\n\n\n\n<p>Je\u017celi chcecie Pa\u0144stwo zapisa\u0107 si\u0119 do newslettera, musicie przekaza\u0107 nam sw\u00f3j adres e-mail za po\u015brednictwem formularza zapisu do newslettera. Podanie danych jest dobrowolne, ale niezb\u0119dne, by zapisa\u0107 si\u0119 do newslettera.<\/p>\n\n\n\n<h2 class=\"wp-block-heading\">Kontakt e-mailowy.<\/h2>\n\n\n\n<p>Kontaktuj\u0105c si\u0119 z nami za po\u015brednictwem poczty elektronicznej, w tym r\u00f3wnie\u017c przesy\u0142aj\u0105c zapytanie poprzez formularz kontaktowy, w spos\u00f3b naturalny Przekazuj\u0105 nam Pa\u0144stwo sw\u00f3j adres e-mail jako adres nadawcy wiadomo\u015bci. Ponadto, w tre\u015bci wiadomo\u015bci mo\u017cna zawrze\u0107 r\u00f3wnie\u017c inne dane osobowe. Podanie danych jest dobrowolne, ale niezb\u0119dne, by nawi\u0105za\u0107 kontakt.<\/p>\n\n\n\n<h2 class=\"wp-block-heading\">Zmiany Polityki Prywatno\u015bci<\/h2>\n\n\n\n<p>Niniejsza Polityka Prywatno\u015bci mo\u017ce wymaga\u0107 aktualizacji co jaki\u015b czas, np. z powodu wprowadzenia nowych us\u0142ug lub zmiany u\u017cywanej technologii. Zastrzegamy sobie prawo do zmiany lub uzupe\u0142nienia Polityki Prywatno\u015bci w dowolnym momencie. Zmiany zostan\u0105 opublikowane na\u00a0Careerpartners.eu<\/p>\n\n\n\n<p><strong class=\"privacy-policy-tutorial\">Ostatnia aktualizacja Polityki Prywatno\u015bci: 7.09.2022<\/strong><\/p>\n","protected":false},"excerpt":{"rendered":"<p>WWW.CARRERPARTNERS.EU Work&amp;Study Sp. z o.o. z siedzib\u0105 w Warszawie prowadz\u0105c dzia\u0142alno\u015b\u0107 gospodarcz\u0105 pod nazw\u0105 Careerpartners.eu (zwan\u0105 dalej \u201eCareerPartners.eu\u201d lub \u201eAdministratorem\u201d), w celu zapewnienia przestrzegania krajowych i mi\u0119dzynarodowych standard\u00f3w [w tym przede wszystkim Rozporz\u0105dzenia Parlamentu Europejskiego i Rady (UE) 2016\/679 z\u00a0dnia 27 kwietnia 2016 r. w sprawie ochrony os\u00f3b fizycznych w zwi\u0105zku z przetwarzaniem danych osobowych&#8230;<\/p>\n","protected":false},"author":1,"featured_media":0,"parent":0,"menu_order":0,"comment_status":"closed","ping_status":"closed","template":"","meta":{"inline_featured_image":false,"_kad_blocks_custom_css":"","_kad_blocks_head_custom_js":"","_kad_blocks_body_custom_js":"","_kad_blocks_footer_custom_js":"","_kad_post_transparent":"disable","_kad_post_title":"hide","_kad_post_layout":"normal","_kad_post_sidebar_id":"","_kad_post_content_style":"unboxed","_kad_post_vertical_padding":"hide","_kad_post_feature":"","_kad_post_feature_position":"","_kad_post_header":false,"_kad_post_footer":false,"footnotes":""},"class_list":["post-3","page","type-page","status-publish","hentry"],"featured_image_src_large":false,"author_info":{"display_name":"foreignlaw_dev","author_link":"https:\/\/partners.ecml.pl\/pl\/author\/foreignlaw_dev\/"},"comment_info":0,"taxonomy_info":[],"_links":{"self":[{"href":"https:\/\/partners.ecml.pl\/pl\/wp-json\/wp\/v2\/pages\/3","targetHints":{"allow":["GET"]}}],"collection":[{"href":"https:\/\/partners.ecml.pl\/pl\/wp-json\/wp\/v2\/pages"}],"about":[{"href":"https:\/\/partners.ecml.pl\/pl\/wp-json\/wp\/v2\/types\/page"}],"author":[{"embeddable":true,"href":"https:\/\/partners.ecml.pl\/pl\/wp-json\/wp\/v2\/users\/1"}],"replies":[{"embeddable":true,"href":"https:\/\/partners.ecml.pl\/pl\/wp-json\/wp\/v2\/comments?post=3"}],"version-history":[{"count":2,"href":"https:\/\/partners.ecml.pl\/pl\/wp-json\/wp\/v2\/pages\/3\/revisions"}],"predecessor-version":[{"id":3612,"href":"https:\/\/partners.ecml.pl\/pl\/wp-json\/wp\/v2\/pages\/3\/revisions\/3612"}],"wp:attachment":[{"href":"https:\/\/partners.ecml.pl\/pl\/wp-json\/wp\/v2\/media?parent=3"}],"curies":[{"name":"wp","href":"https:\/\/api.w.org\/{rel}","templated":true}]}}